{"id":1174,"date":"2021-06-18T19:54:50","date_gmt":"2021-06-18T19:54:50","guid":{"rendered":"https:\/\/bolbol-school.ch\/?page_id=1174"},"modified":"2025-08-29T07:26:58","modified_gmt":"2025-08-29T07:26:58","slug":"ueber-uns","status":"publish","type":"page","link":"https:\/\/bolbol-school.ch\/?page_id=1174&lang=de","title":{"rendered":"\u00dcber uns"},"content":{"rendered":"<p><img fetchpriority=\"high\" decoding=\"async\" width=\"554\" height=\"179\" src=\"https:\/\/bolbol-school.ch\/wp-content\/uploads\/2021\/06\/logo2-1.png\" alt=\"\" srcset=\"https:\/\/bolbol-school.ch\/wp-content\/uploads\/2021\/06\/logo2-1.png 554w, https:\/\/bolbol-school.ch\/wp-content\/uploads\/2021\/06\/logo2-1-300x97.png 300w\" sizes=\"(max-width: 554px) 100vw, 554px\">\t\t\t\t\t\t\t\t\t\t\t\t\t\t\t\t<\/p>\n<h2>Wir \u00f6ffnen eine T\u00fcr zur persischen Kultur und Sprache<br \/>\nf\u00fcr jeden, der daran interessiert ist.<\/h2>\n<p>\t\t\t\t\t\t\t\t\t\t\t\t\t\t\t<img decoding=\"async\" width=\"1024\" height=\"504\" src=\"https:\/\/bolbol-school.ch\/wp-content\/uploads\/2021\/06\/hero2-2-1024x504.png\" alt=\"\" srcset=\"https:\/\/bolbol-school.ch\/wp-content\/uploads\/2021\/06\/hero2-2-1024x504.png 1024w, https:\/\/bolbol-school.ch\/wp-content\/uploads\/2021\/06\/hero2-2-300x148.png 300w, https:\/\/bolbol-school.ch\/wp-content\/uploads\/2021\/06\/hero2-2-768x378.png 768w, https:\/\/bolbol-school.ch\/wp-content\/uploads\/2021\/06\/hero2-2.png 1177w\" sizes=\"(max-width: 1024px) 100vw, 1024px\">\t\t\t\t\t\t\t\t\t\t\t\t\t\t\t\t\t\t<\/p>\n<p style=\"text-align: center;\">Wir sind ein warmherziger und einladender Ort, an dem sich Kinder und Erwachsene mit jedem Persisch-Niveau einbezogen f\u00fchlen und Spa\u00df haben k\u00f6nnen. Wir nutzen verschiedene Formen der Kunst wie Musik, Malerei, Theater und Tanz, um Ihre Neugierde zu f\u00f6rdern und das Lernen zu erleichtern. <\/p>\n<p style=\"text-align: center;\">Unsere Gemeinschaft besteht aus Familien mit gemischter Herkunft, die eine Verbindung zu ihren persischen Wurzeln suchen und Farsi sprechen lernen m\u00f6chten.<\/p>\n<p style=\"text-align: center;\">Wir glauben fest daran, ein gehirngerechtes Programm anzubieten, das den neuesten Erkenntnissen der Lernforschung folgt, und setzen erfahrene Lehrer und professionelle K\u00fcnstler ein, um unsere Vision umzusetzen. Unser Lehrplan ist von der Montessori- und Waldorf-Philosophie inspiriert, wodurch er immersiv und multisensorisch ist, um die Bed\u00fcrfnisse jedes Lernenden zu erf\u00fcllen. <\/p>\n<h2>BolBol Schule  <\/h2>\n<h2>Vorstandsmitglieder:<\/h2>\n<p>\t\t\t\t\t\t\t\t\t\t\t\t\t\t\t\t\t<img decoding=\"async\" width=\"683\" height=\"1024\" src=\"https:\/\/bolbol-school.ch\/wp-content\/uploads\/2022\/05\/BBS-big-24-683x1024.jpg\" alt=\"\" srcset=\"https:\/\/bolbol-school.ch\/wp-content\/uploads\/2022\/05\/BBS-big-24-683x1024.jpg 683w, https:\/\/bolbol-school.ch\/wp-content\/uploads\/2022\/05\/BBS-big-24-200x300.jpg 200w, https:\/\/bolbol-school.ch\/wp-content\/uploads\/2022\/05\/BBS-big-24-768x1152.jpg 768w, https:\/\/bolbol-school.ch\/wp-content\/uploads\/2022\/05\/BBS-big-24-1024x1536.jpg 1024w, https:\/\/bolbol-school.ch\/wp-content\/uploads\/2022\/05\/BBS-big-24-1365x2048.jpg 1365w, https:\/\/bolbol-school.ch\/wp-content\/uploads\/2022\/05\/BBS-big-24-scaled.jpg 1707w\" sizes=\"(max-width: 683px) 100vw, 683px\">\t\t\t\t\t\t\t\t\t\t\t\t\t\t\t\t<\/p>\n<h2>Fereshteh Bagherimiyab Hunkeler<\/h2>\n<p><strong>Fereshteh Bagherimiyab Hunkeler <\/strong>ist die Pr\u00e4sidentin und Gr\u00fcnderin\/Exekutivdirektorin der <strong>Bolbol School Zurich<\/strong>. Fereshteh hat einen Doktortitel in Umwelttechnik von der EPFL in der Schweiz und ein Post-Doktorat in Umweltwissenschaften von der University of Waterloo, Kanada. Als Umweltwissenschaftlerin wollte sie etwas Sinnvolles tun, um nachhaltige Ver\u00e4nderungen zu bewirken und die Welt zu einem besseren Ort zu machen.    <\/p>\n<p>Fereshtehs internationales Leben f\u00fchrte dazu, dass sie die Vielfalt der Welt und die Bedeutung der Bewahrung ihres Erbes zu sch\u00e4tzen wusste. Fereshteh f\u00fchrte ihren Schweizer Ehemann und ihre Tochter in den formellen Farsi-Unterricht an der Parsayan School in Lausanne ein und trat der Schule bald als Vorstandsmitglied und Co-Direktorin bei. Im Jahr 2018 zog sie nach Z\u00fcrich und gr\u00fcndete die Parsayan School Zurich, da es in ihrer Gegend keinen Persischunterricht gab. Schon bald weitete sich Fereshtehs Vision aus und umfasste mehr kulturelle Elemente wie Musik, Theater und Kunst. Sie legte Wert auf einen Unterricht, der sich auf aktuelle p\u00e4dagogische Methoden st\u00fctzt. Diese neue Vision verdiente einen neuen Namen, eine neue Mission, eine neue Schule.       <strong>Die Bolbol Schule wurde 2021 eingeweiht.  <\/strong><\/p>\n<p>\t\t\t\t\t\t\t\t\t\t\t\t\t<img loading=\"lazy\" decoding=\"async\" width=\"1024\" height=\"683\" src=\"https:\/\/bolbol-school.ch\/wp-content\/uploads\/2021\/06\/Leily-1024x683.jpg\" alt=\"\" srcset=\"https:\/\/bolbol-school.ch\/wp-content\/uploads\/2021\/06\/Leily-1024x683.jpg 1024w, https:\/\/bolbol-school.ch\/wp-content\/uploads\/2021\/06\/Leily-300x200.jpg 300w, https:\/\/bolbol-school.ch\/wp-content\/uploads\/2021\/06\/Leily-768x513.jpg 768w, https:\/\/bolbol-school.ch\/wp-content\/uploads\/2021\/06\/Leily-1536x1025.jpg 1536w, https:\/\/bolbol-school.ch\/wp-content\/uploads\/2021\/06\/Leily-2048x1367.jpg 2048w\" sizes=\"(max-width: 1024px) 100vw, 1024px\">\t\t\t\t\t\t\t\t\t\t\t\t\t\t\t\t<\/p>\n<h2>Leily Zarian<\/h2>\n<p><strong>Leily Zarian <\/strong>ist Mitglied der <strong>Bolbol Schule Z\u00fcrich.<\/strong> Leily ist Coach und Beraterin f\u00fcr organisatorische Entwicklung. Sie hat einen fortgeschrittenen Master-Abschluss in kognitiver und interkultureller Psychologie von der Universit\u00e4t Genf, Schweiz. Sie ist zertifizierter ICA\/ICF-Coach und hat eine Leidenschaft daf\u00fcr, Menschen und Organisationen zu helfen, ihr volles Potenzial auszusch\u00f6pfen und erfolgreich zu sein.  <\/p>\n<p>Leily ist eine leidenschaftliche Anh\u00e4ngerin der persischen Kunst und Literatur und hat gemeinsam mit Fereshteh einen Raum geschaffen, der alle Facetten der persischen Kultur umfasst. Ein Ort, der es transnationalen Familien erm\u00f6glicht, ihre kulturelle Kluft zu \u00fcberbr\u00fccken. <\/p>\n<p>\t\t\t\t\t\t\t\t\t\t\t\t\t<img loading=\"lazy\" decoding=\"async\" width=\"428\" height=\"640\" src=\"https:\/\/bolbol-school.ch\/wp-content\/uploads\/2021\/07\/20.jpeg\" alt=\"\" srcset=\"https:\/\/bolbol-school.ch\/wp-content\/uploads\/2021\/07\/20.jpeg 428w, https:\/\/bolbol-school.ch\/wp-content\/uploads\/2021\/07\/20-201x300.jpeg 201w\" sizes=\"(max-width: 428px) 100vw, 428px\">\t\t\t\t\t\t\t\t\t\t\t\t\t\t\t\t<\/p>\n<h2>Shahrooz Aziminia<\/h2>\n<p><strong>Shahrooz Aziminia <\/strong>ist die Direktorin f\u00fcr Lehrplanentwicklung. Shahrooz wuchs unter internationalen Studenten in der Schweiz auf und zog vor \u00fcber 20 Jahren in die USA. Sie erhielt ihren BA in Psychologie von der Drew University und ist eine AMS-zertifizierte Montessori-P\u00e4dagogin. Sie hat \u00fcber 20 Jahre Erfahrung als Montessori-Lehrerin und hat verschiedene Enrichment-Programme und Lehrpl\u00e4ne entwickelt sowie Lehrer- und Elternschulungen geleitet. Sie bildet sich st\u00e4ndig weiter, indem sie sich \u00fcber die neuesten Forschungsergebnisse auf dem Gebiet der kindlichen Entwicklung und der Gehirnforschung auf dem Laufenden h\u00e4lt. Shahrooz freut sich darauf, gemeinsam mit Fereshteh und Leily an der<strong> Bolbol Schule Z\u00fcrich <\/strong>einen Ort zu schaffen, an dem das Lernen Spa\u00df macht und inspiriert.     <\/p>\n<h2>Lehrer und Mitarbeiter Z\u00fcrich:<\/h2>\n<p>\t\t\t\t\t\t\t\t\t\t\t\t\t\t\t\t\t<img loading=\"lazy\" decoding=\"async\" width=\"1024\" height=\"680\" src=\"https:\/\/bolbol-school.ch\/wp-content\/uploads\/2023\/09\/DSC_7464-1024x680.jpg\" alt=\"\" srcset=\"https:\/\/bolbol-school.ch\/wp-content\/uploads\/2023\/09\/DSC_7464-1024x680.jpg 1024w, https:\/\/bolbol-school.ch\/wp-content\/uploads\/2023\/09\/DSC_7464-300x199.jpg 300w, https:\/\/bolbol-school.ch\/wp-content\/uploads\/2023\/09\/DSC_7464-768x510.jpg 768w, https:\/\/bolbol-school.ch\/wp-content\/uploads\/2023\/09\/DSC_7464-1536x1020.jpg 1536w, https:\/\/bolbol-school.ch\/wp-content\/uploads\/2023\/09\/DSC_7464-2048x1360.jpg 2048w\" sizes=\"(max-width: 1024px) 100vw, 1024px\">\t\t\t\t\t\t\t\t\t\t\t\t\t\t\t\t<\/p>\n<h2>Fereshteh<\/h2>\n<p>Fereshteh, urspr\u00fcnglich aus Mashhad, lebt seit 2012 in der Schweiz. Ihr akademischer Hintergrund ist Informatik, aber ihr Leben nahm eine Wendung, als sie Mutter einer Tochter wurde. Diese lebensver\u00e4ndernde Erfahrung hat ihr Interesse an der Arbeit mit Kindern geweckt. Sie hat eine Leidenschaft f\u00fcr den Umgang mit Kindern entdeckt und liebt es, ihnen neue Dinge beizubringen, insbesondere \u00fcber die persische Kultur und Sprache ihres Heimatlandes.   <\/p>\n<p>Fereshteh ist begeistert, Teil des au\u00dfergew\u00f6hnlichen und innovativen Umfelds der Bolbol-Schule zu sein, wo sie in die Rolle einer Lehrerin schl\u00fcpfen kann, die ihren Sch\u00fclern die M\u00f6glichkeit gibt, die iranische Kultur durch interaktive Spiele und fesselnde Geschichten zu erkunden.<\/p>\n<p>\t\t\t\t\t\t\t\t\t\t\t\t\t<img loading=\"lazy\" decoding=\"async\" width=\"830\" height=\"1024\" src=\"https:\/\/bolbol-school.ch\/wp-content\/uploads\/2023\/03\/DC477090-FE21-497B-A076-870C60C4C686-830x1024.jpeg\" alt=\"\" srcset=\"https:\/\/bolbol-school.ch\/wp-content\/uploads\/2023\/03\/DC477090-FE21-497B-A076-870C60C4C686-830x1024.jpeg 830w, https:\/\/bolbol-school.ch\/wp-content\/uploads\/2023\/03\/DC477090-FE21-497B-A076-870C60C4C686-243x300.jpeg 243w, https:\/\/bolbol-school.ch\/wp-content\/uploads\/2023\/03\/DC477090-FE21-497B-A076-870C60C4C686-768x948.jpeg 768w, https:\/\/bolbol-school.ch\/wp-content\/uploads\/2023\/03\/DC477090-FE21-497B-A076-870C60C4C686.jpeg 936w\" sizes=\"(max-width: 830px) 100vw, 830px\">\t\t\t\t\t\t\t\t\t\t\t\t\t\t\t\t<\/p>\n<h2>Shahrzad<\/h2>\n<p>  Shahrzad ist Tanzlehrerin an drei \u00f6ffentlichen Schulen in Z\u00fcrich. Au\u00dferdem leitet sie iranische Tanzworkshops f\u00fcr iranische Frauen. Viele Jahre lang unterrichtete Shahrzad Kinder nach dem Orff-Ansatz. Der Orff-Ansatz verwendet Musik, Drama, Sprache und Bewegung, um Musik auf spielerische Weise zu vermitteln. Sie k\u00f6nnen Shahrzad auch auf Radio Payke h\u00f6ren, wo sie mit ihren Freunden die persische Kultur pr\u00e4sentiert. Shahrzad freut sich darauf, an der <strong>Bolbol-Schule<\/strong> mitzumachen und Tanz, Rhythmus und Musik zusammenzubringen, um lustige Choreographien zu kreieren, die die persische Kultur feiern.       <img loading=\"lazy\" decoding=\"async\" width=\"654\" height=\"1024\" src=\"https:\/\/bolbol-school.ch\/wp-content\/uploads\/2022\/10\/PHOTO-2022-08-30-14-49-34-654x1024.jpg\" alt=\"\" srcset=\"https:\/\/bolbol-school.ch\/wp-content\/uploads\/2022\/10\/PHOTO-2022-08-30-14-49-34-654x1024.jpg 654w, https:\/\/bolbol-school.ch\/wp-content\/uploads\/2022\/10\/PHOTO-2022-08-30-14-49-34-191x300.jpg 191w, https:\/\/bolbol-school.ch\/wp-content\/uploads\/2022\/10\/PHOTO-2022-08-30-14-49-34-768x1203.jpg 768w, https:\/\/bolbol-school.ch\/wp-content\/uploads\/2022\/10\/PHOTO-2022-08-30-14-49-34-980x1536.jpg 980w, https:\/\/bolbol-school.ch\/wp-content\/uploads\/2022\/10\/PHOTO-2022-08-30-14-49-34.jpg 1307w\" sizes=\"(max-width: 654px) 100vw, 654px\">\t\t\t\t\t\t\t\t\t\t\t\t\t\t\t\t<\/p>\n<h2>Nemat<\/h2>\n<p>  Nemat ist ein S\u00e4nger und Songschreiber, der sich f\u00fcr Musik, Poesie und die persische Kultur begeistert. Er bringt seine Erfahrung als Waldorflehrer in seinen Musikunterricht ein und bringt den Sch\u00fclern den Rhythmus der persischen Sprache durch Lieder, Kinderreime und Gedichte n\u00e4her. Wenn er nicht gerade unterrichtet, tritt Nemat oft bei verschiedenen Veranstaltungen auf und freut sich, Teil der <strong>Bolbol School<\/strong> Mission und Gemeinschaft zu sein.    <img loading=\"lazy\" decoding=\"async\" width=\"1024\" height=\"680\" src=\"https:\/\/bolbol-school.ch\/wp-content\/uploads\/2023\/09\/DSC_7477-1024x680.jpg\" alt=\"\" srcset=\"https:\/\/bolbol-school.ch\/wp-content\/uploads\/2023\/09\/DSC_7477-1024x680.jpg 1024w, https:\/\/bolbol-school.ch\/wp-content\/uploads\/2023\/09\/DSC_7477-300x199.jpg 300w, https:\/\/bolbol-school.ch\/wp-content\/uploads\/2023\/09\/DSC_7477-768x510.jpg 768w, https:\/\/bolbol-school.ch\/wp-content\/uploads\/2023\/09\/DSC_7477-1536x1020.jpg 1536w, https:\/\/bolbol-school.ch\/wp-content\/uploads\/2023\/09\/DSC_7477-2048x1360.jpg 2048w\" sizes=\"(max-width: 1024px) 100vw, 1024px\">\t\t\t\t\t\t\t\t\t\t\t\t\t\t\t\t<\/p>\n<h2>Neda<\/h2>\n<p>Neda wurde in Teheran, Iran, geboren. Sie erwarb ihren Bachelor in Englisch als Fremdsprache und ihren Master in Linguistik (Sprachwissenschaft) an der Teheraner Azad-Universit\u00e4t. Unterrichten ist ihre Leidenschaft. Neda hat jahrelange Erfahrung als Lehrerin an \u00f6ffentlichen und privaten Schulen im Iran. W\u00e4hrend ihres Masterstudiums entwickelte sie ihr Interesse an der vergleichenden Linguistik (dem Studium der \u00c4hnlichkeiten und Unterschiede zwischen Sprachen), was sie dazu bewog, Persischlehrerin f\u00fcr Kinder und Erwachsene in der Schweiz zu werden. Neda freut sich darauf, ihr Fachwissen mit den Sch\u00fclern <strong>der Bolbol School<\/strong> zu teilen.     <\/p>\n<p>\t\t\t\t\t\t\t\t\t\t\t\t\t<img loading=\"lazy\" decoding=\"async\" width=\"683\" height=\"1024\" src=\"https:\/\/bolbol-school.ch\/wp-content\/uploads\/2022\/05\/BBSchool-50-683x1024.jpg\" alt=\"\" srcset=\"https:\/\/bolbol-school.ch\/wp-content\/uploads\/2022\/05\/BBSchool-50-683x1024.jpg 683w, https:\/\/bolbol-school.ch\/wp-content\/uploads\/2022\/05\/BBSchool-50-200x300.jpg 200w, https:\/\/bolbol-school.ch\/wp-content\/uploads\/2022\/05\/BBSchool-50-768x1152.jpg 768w, https:\/\/bolbol-school.ch\/wp-content\/uploads\/2022\/05\/BBSchool-50-1024x1536.jpg 1024w, https:\/\/bolbol-school.ch\/wp-content\/uploads\/2022\/05\/BBSchool-50-1365x2048.jpg 1365w, https:\/\/bolbol-school.ch\/wp-content\/uploads\/2022\/05\/BBSchool-50-scaled.jpg 1707w\" sizes=\"(max-width: 683px) 100vw, 683px\">\t\t\t\t\t\t\t\t\t\t\t\t\t\t\t\t<\/p>\n<h2>Armin<\/h2>\n<p>Armin wurde in Rasht, Iran, geboren. Er ist ein Akustiker und Musikliebhaber. Armin spielt mehrere persische Perkussionsinstrumente und klassische Gitarre. Er ist ein aktiver Amateurmusiker, der in verschiedenen Bands spielt und singt und Tombak und Gitarre unterrichtet. Seit 2017 lebt er in der Schweiz. Armin spricht Deutsch, Englisch und Farsi.     <\/p>\n<p>\t\t\t\t\t\t\t\t\t\t\t\t\t<img loading=\"lazy\" decoding=\"async\" width=\"683\" height=\"1024\" src=\"https:\/\/bolbol-school.ch\/wp-content\/uploads\/2022\/05\/BBSchool-46-683x1024.jpg\" alt=\"\" srcset=\"https:\/\/bolbol-school.ch\/wp-content\/uploads\/2022\/05\/BBSchool-46-683x1024.jpg 683w, https:\/\/bolbol-school.ch\/wp-content\/uploads\/2022\/05\/BBSchool-46-200x300.jpg 200w, https:\/\/bolbol-school.ch\/wp-content\/uploads\/2022\/05\/BBSchool-46-768x1152.jpg 768w, https:\/\/bolbol-school.ch\/wp-content\/uploads\/2022\/05\/BBSchool-46-1024x1536.jpg 1024w, https:\/\/bolbol-school.ch\/wp-content\/uploads\/2022\/05\/BBSchool-46-1365x2048.jpg 1365w, https:\/\/bolbol-school.ch\/wp-content\/uploads\/2022\/05\/BBSchool-46-scaled.jpg 1707w\" sizes=\"(max-width: 683px) 100vw, 683px\">\t\t\t\t\t\t\t\t\t\t\t\t\t\t\t\t<\/p>\n<h2>Elika<\/h2>\n<p>  Elika ist in Teheran geboren und aufgewachsen. Nach der High School wanderte sie in die Schweiz aus, wo sie an der Universit\u00e4t Z\u00fcrich Kunstgeschichte und Nahoststudien studierte und anschlie\u00dfend in islamischer Kunst mit Schwerpunkt Iran promovierte. Seit 2018 ist sie Dozentin f\u00fcr persische Sprache und Kultur an der Universit\u00e4t Bern und an der Universit\u00e4t Z\u00fcrich. In ihrer Funktion als wissenschaftliche Mitarbeiterin untersucht sie iranische Kunstobjekte in verschiedenen Museen. Sie ist aktives Mitglied kultureller Vereinigungen wie der Schweizerischen Vereinigung iranischer Akademiker in Z\u00fcrich und der Schweizerischen Gesellschaft f\u00fcr den Nahen Osten und islamische Kulturen. Ihre Leidenschaft ist das Unterrichten der persischen Sprache und Kultur. Sie freut sich darauf, dem Team von Bolbol beizutreten.<br \/>\n  Neda wurde in Teheran, Iran, geboren. Sie erwarb ihren Bachelor in Englisch als Fremdsprache und ihren Master in Linguistik (Sprachwissenschaft) an der Teheraner Azad-Universit\u00e4t. Unterrichten ist ihre Leidenschaft. Neda hat jahrelange Erfahrung als Lehrerin an \u00f6ffentlichen und privaten Schulen im Iran. Durch ihr Masterstudium entwickelte sie ihr Interesse an der vergleichenden Linguistik (dem Studium der \u00c4hnlichkeiten und Unterschiede zwischen Sprachen), was nicht die einzige, aber eine sehr wichtige Motivation war, Persischlehrerin f\u00fcr Kinder und Erwachsene in der Schweiz zu werden. Sie freut sich, ihr Fachwissen mit ihren <strong>Bolbol-Sch\u00fclern<\/strong> zu teilen.<br \/>\n\t\t\t\t\t<a target=\"_blank\"><br \/>\n  Youtube<br \/>\n\t\t\t\t\t\t<svg viewbox=\"0 0 576 512\" xmlns=\"http:\/\/www.w3.org\/2000\/svg\"><path d=\"M549.655 124.083c-6.281-23.65-24.787-42.276-48.284-48.597C458.781 64 288 64 288 64S117.22 64 74.629 75.486c-23.497 6.322-42.003 24.947-48.284 48.597-11.412 42.867-11.412 132.305-11.412 132.305s0 89.438 11.412 132.305c6.281 23.65 24.787 41.5 48.284 47.821C117.22 448 288 448 288 448s170.78 0 213.371-11.486c23.497-6.321 42.003-24.171 48.284-47.821 11.412-42.867 11.412-132.305 11.412-132.305s0-89.438-11.412-132.305zm-317.51 213.508V175.185l142.739 81.205-142.739 81.201z\"><\/path><\/svg>\t\t\t\t\t<\/a><br \/>\n\t\t\t\t\t<a target=\"_blank\"><br \/>\n  Facebook-f<br \/>\n\t\t\t\t\t\t<svg viewbox=\"0 0 320 512\" xmlns=\"http:\/\/www.w3.org\/2000\/svg\"><path d=\"M279.14 288l14.22-92.66h-88.91v-60.13c0-25.35 12.42-50.06 52.24-50.06h40.42V6.26S260.43 0 225.36 0c-73.22 0-121.08 44.38-121.08 124.72v70.62H22.89V288h81.39v224h100.17V288z\"><\/path><\/svg>\t\t\t\t\t<\/a><br \/>\n\t\t\t\t\t<a href=\"https:\/\/instagram.com\/bolbolschool?igshid=YmMyMTA2M2Y=\" target=\"_blank\"><br \/>\n  Instagram<br \/>\n\t\t\t\t\t\t<svg viewbox=\"0 0 448 512\" xmlns=\"http:\/\/www.w3.org\/2000\/svg\"><path d=\"M224.1 141c-63.6 0-114.9 51.3-114.9 114.9s51.3 114.9 114.9 114.9S339 319.5 339 255.9 287.7 141 224.1 141zm0 189.6c-41.1 0-74.7-33.5-74.7-74.7s33.5-74.7 74.7-74.7 74.7 33.5 74.7 74.7-33.6 74.7-74.7 74.7zm146.4-194.3c0 14.9-12 26.8-26.8 26.8-14.9 0-26.8-12-26.8-26.8s12-26.8 26.8-26.8 26.8 12 26.8 26.8zm76.1 27.2c-1.7-35.9-9.9-67.7-36.2-93.9-26.2-26.2-58-34.4-93.9-36.2-37-2.1-147.9-2.1-184.9 0-35.8 1.7-67.6 9.9-93.9 36.1s-34.4 58-36.2 93.9c-2.1 37-2.1 147.9 0 184.9 1.7 35.9 9.9 67.7 36.2 93.9s58 34.4 93.9 36.2c37 2.1 147.9 2.1 184.9 0 35.9-1.7 67.7-9.9 93.9-36.2 26.2-26.2 34.4-58 36.2-93.9 2.1-37 2.1-147.8 0-184.8zM398.8 388c-7.8 19.6-22.9 34.7-42.6 42.6-29.5 11.7-99.5 9-132.1 9s-102.7 2.6-132.1-9c-19.6-7.8-34.7-22.9-42.6-42.6-11.7-29.5-9-99.5-9-132.1s-2.6-102.7 9-132.1c7.8-19.6 22.9-34.7 42.6-42.6 29.5-11.7 99.5-9 132.1-9s102.7-2.6 132.1 9c19.6 7.8 34.7 22.9 42.6 42.6 11.7 29.5 9 99.5 9 132.1s2.7 102.7-9 132.1z\"><\/path><\/svg>\t\t\t\t\t<\/a><\/p>\n<p>Design by Studio Mellli I 2021 &amp; Entwickelt von kirranbatool<\/p>\n","protected":false},"excerpt":{"rendered":"<p>Wir \u00f6ffnen eine T\u00fcr zur persischen Kultur und Sprache f\u00fcr jeden, der daran interessiert ist. Wir sind ein warmherziger und einladender Ort, an dem sich Kinder und Erwachsene mit jedem Persisch-Niveau einbezogen f\u00fchlen und Spa\u00df haben k\u00f6nnen. Wir nutzen verschiedene Formen der Kunst wie Musik, Malerei, Theater und Tanz, um Ihre Neugierde zu f\u00f6rdern und [&hellip;]<\/p>\n","protected":false},"author":1,"featured_media":0,"parent":0,"menu_order":0,"comment_status":"closed","ping_status":"closed","template":"","meta":{"site-sidebar-layout":"no-sidebar","site-content-layout":"page-builder","ast-site-content-layout":"full-width-container","site-content-style":"unboxed","site-sidebar-style":"unboxed","ast-global-header-display":"","ast-banner-title-visibility":"","ast-main-header-display":"disabled","ast-hfb-above-header-display":"","ast-hfb-below-header-display":"","ast-hfb-mobile-header-display":"disabled","site-post-title":"disabled","ast-breadcrumbs-content":"disabled","ast-featured-img":"disabled","footer-sml-layout":"disabled","theme-transparent-header-meta":"default","adv-header-id-meta":"","stick-header-meta":"","header-above-stick-meta":"","header-main-stick-meta":"","header-below-stick-meta":"","astra-migrate-meta-layouts":"default","ast-page-background-enabled":"default","ast-page-background-meta":{"desktop":{"background-color":"var(--ast-global-color-4)","background-image":"","background-repeat":"repeat","background-position":"center center","background-size":"auto","background-attachment":"scroll","background-type":"","background-media":"","overlay-type":"","overlay-color":"","overlay-opacity":"","overlay-gradient":""},"tablet":{"background-color":"","background-image":"","background-repeat":"repeat","background-position":"center center","background-size":"auto","background-attachment":"scroll","background-type":"","background-media":"","overlay-type":"","overlay-color":"","overlay-opacity":"","overlay-gradient":""},"mobile":{"background-color":"","background-image":"","background-repeat":"repeat","background-position":"center center","background-size":"auto","background-attachment":"scroll","background-type":"","background-media":"","overlay-type":"","overlay-color":"","overlay-opacity":"","overlay-gradient":""}},"ast-content-background-meta":{"desktop":{"background-color":"var(--ast-global-color-5)","background-image":"","background-repeat":"repeat","background-position":"center center","background-size":"auto","background-attachment":"scroll","background-type":"","background-media":"","overlay-type":"","overlay-color":"","overlay-opacity":"","overlay-gradient":""},"tablet":{"background-color":"var(--ast-global-color-5)","background-image":"","background-repeat":"repeat","background-position":"center center","background-size":"auto","background-attachment":"scroll","background-type":"","background-media":"","overlay-type":"","overlay-color":"","overlay-opacity":"","overlay-gradient":""},"mobile":{"background-color":"var(--ast-global-color-5)","background-image":"","background-repeat":"repeat","background-position":"center center","background-size":"auto","background-attachment":"scroll","background-type":"","background-media":"","overlay-type":"","overlay-color":"","overlay-opacity":"","overlay-gradient":""}},"footnotes":""},"class_list":["post-1174","page","type-page","status-publish","hentry"],"_links":{"self":[{"href":"https:\/\/bolbol-school.ch\/index.php?rest_route=\/wp\/v2\/pages\/1174","targetHints":{"allow":["GET"]}}],"collection":[{"href":"https:\/\/bolbol-school.ch\/index.php?rest_route=\/wp\/v2\/pages"}],"about":[{"href":"https:\/\/bolbol-school.ch\/index.php?rest_route=\/wp\/v2\/types\/page"}],"author":[{"embeddable":true,"href":"https:\/\/bolbol-school.ch\/index.php?rest_route=\/wp\/v2\/users\/1"}],"replies":[{"embeddable":true,"href":"https:\/\/bolbol-school.ch\/index.php?rest_route=%2Fwp%2Fv2%2Fcomments&post=1174"}],"version-history":[{"count":3,"href":"https:\/\/bolbol-school.ch\/index.php?rest_route=\/wp\/v2\/pages\/1174\/revisions"}],"predecessor-version":[{"id":1329,"href":"https:\/\/bolbol-school.ch\/index.php?rest_route=\/wp\/v2\/pages\/1174\/revisions\/1329"}],"wp:attachment":[{"href":"https:\/\/bolbol-school.ch\/index.php?rest_route=%2Fwp%2Fv2%2Fmedia&parent=1174"}],"curies":[{"name":"wp","href":"https:\/\/api.w.org\/{rel}","templated":true}]}}